{"id":3052,"date":"2016-06-24T12:36:21","date_gmt":"2016-06-24T10:36:21","guid":{"rendered":"http:\/\/www.bobmarongiu.it\/en\/?page_id=3052"},"modified":"2024-03-25T16:16:11","modified_gmt":"2024-03-25T15:16:11","slug":"termini-e-condizioni","status":"publish","type":"page","link":"https:\/\/www.bobmarongiu.it\/en\/termini-e-condizioni\/","title":{"rendered":"Termini e condizioni"},"content":{"rendered":"<section class=\"wpb-content-wrapper\"><p>[vc_row][vc_column][vc_empty_space height=&#8221;47&#8243;][vc_column_text]<\/p>\n<h2>Termini e condizioni<\/h2>\n<p>Nel presente documento sono riportate le Condizioni Generali d\u2019uso del sito corrispondente al nome a dominio bobart.it (di seguito, rispettivamente, le \u201cCondizioni\u201d ed il \u201cSito\u201d) cui debbono attenersi tutti i soggetti che intendono navigare sulle pagine web dello stesso, in titolarit\u00e0 a:<\/p>\n<p>BOB &amp; JENNY SRLS con sede legale in Via San Pietro 40\/A, 07021 Arzachena SS &#8211; P. I.: 02985460902<\/p>\n<p>L\u2019accesso al Sito nonch\u00e8 qualunque azione che comporti la navigazione sulle sue pagine web che lo compongono costituiscono accettazione delle Condizioni a cui gli utenti del Sito possono accedere tramite un link che richiama il presente documento che compare in ogni pagina del Sito.<\/p>\n<p>Nel caso in cui l\u2019utente non intenda accettare le Condizioni, \u00e8 sufficiente che si astenga dalla navigazione del Sito.<\/p>\n<p>In aggiunta a quanto sopra, chiunque accede al Sito, implicitamente dichiara di non utilizzare il Sito ed il materiale in esso contenuto per scopi illeciti o comunque contrari alle vigenti norme di legge.<\/p>\n<p>Le Condizioni di utilizzo del sito possono essere modificate da BOB &amp; JENNY SRLS senza alcun preavviso agli utenti, cui resta l\u2019onere di visionarle periodicamente prima di accedere ai contenuti del Sito.<\/p>\n<p>Qualora all\u2019interno delle pagine web del Sito vengano offerti beni e servizi o presentati contenuti soggetti a specifici termini e condizioni riportati in tali pagine, le stesse prevarranno sulle presenti Condizioni.<br \/>\n2. Contenuti del Sito<\/p>\n<p>BOB &amp; JENNY SRLS adotta ogni utile precauzione al fine di assicurare ai propri utenti che i contenuti presenti sul Sito siano accurati e non contengano informazioni non corrette o non aggiornate, rispetto alla data della loro pubblicazione all\u2019interno del sito web e, per quanto possibile, anche successivamente.<\/p>\n<p>Tuttavia BOB &amp; JENNY SRLS non assume nei confronti degli utenti alcuna responsabilit\u00e0 circa l\u2019accuratezza e la completezza dei contenuti pubblicati nel Sito, fatta salva la propria responsabilit\u00e0 per dolo e colpa grave e salvo quanto diversamente previsto dalla legge.<br \/>\nBOB &amp; JENNY SRLS , inoltre, non pu\u00f2 garantire ai propri utenti che il sito web operi con continuit\u00e0, senza interruzioni ed in assenza di errori o di malfunzionamenti dovuti al collegamento ad Internet.<\/p>\n<p>bobart.it pu\u00f2 contenere collegamenti ipertestuali (i \u201clink\u201d) ad altri siti web che non hanno nessun collegamento con bobart.it o con BOB &amp; JENNY SRLS .<\/p>\n<p>BOB &amp; JENNY SRLS non controlla n\u00e9 compie operazioni di monitoraggio di tali siti web e dei loro contenuti, non potr\u00e0 quindi essere ritenuta responsabile dei contenuti di questi siti e delle regole, da questi adottate durante le operazioni di navigazione, anche con riguardo alla privacy e al trattamento dei dati personali degli utenti.<\/p>\n<p>Gli utenti sono quindi pregati di prestare attenzione quando si collegano a questi siti web, tramite i link presenti su bobart.it e di verificare attentamente le loro condizioni d\u2019uso e regolamenti sulla privacy. Le Condizioni Generali d\u2019Uso e la Privacy Policy di bobart.it non si applicano ai siti web gestiti da altri soggetti differenti da BOB &amp; JENNY SRLS .<\/p>\n<p>bobart.it fornisce link ad altri siti web con il fine unico di facilitare i propri utenti nella ricerca e nella navigazione e per agevolare il collegamento ipertestuale su Internet verso altri siti web.<\/p>\n<p>L\u2019attivazione dei link non comporta nessuna raccomandazione o segnalazione di BOB &amp; JENNY SRLS per l\u2019accesso e la navigazione in questi siti web, n\u00e9 alcuna garanzia circa i loro contenuti, i servizi o beni da questi forniti e venduti agli utenti sul web.<\/p>\n<p>Link a bobart.it: chiunque fosse interessato ad attivare link alle pagine web del Sito, che sono accessibili pubblicamente, \u00e8 pregato di contattare BOB &amp; JENNY SRLS al seguente indirizzo di posta elettronica info@bobmarongiu.it. Il contatto \u00e8 necessario per attivare la richiesta del consenso al collegamento ipertestuale al Sito. L\u2019attivazione di link \u00e8 concessa da BOB &amp; JENNY SRLS al richiedente, a titolo gratuito e in via non esclusiva.<\/p>\n<p>BOB &amp; JENNY SRLS ha il diritto di opporsi all\u2019attivazione di link diretti al proprio sito web nel caso in cui il soggetto richiedente, che intende attivare il link a bobart.it, abbia adottato in passato pratiche commerciali sleali o non conformi agli usi di settore ovvero azioni di concorrenza sleale nei confronti di BOB &amp; JENNY SRLS o dei suoi fornitori o quando BOB &amp; JENNY SRLS tema che questi comportamenti possano essere adottati, in futuro, ovvero ancora quando il soggetto richiedente abbia adottato, in passato o si tema che possa adottarle in futuro, azioni screditanti BOB &amp; JENNY SRLS , il proprio sito web o i propri servizi. \u00c8, in ogni caso, vietata l\u2019attivazione di collegamenti ipertestuali profondi (quali deep frames o deep links) a bobart.it m ovvero l\u2019uso non autorizzato di meta-tags, senza il consenso di BOB &amp; JENNY SRLS .<br \/>\n3. Diritti di propriet\u00e0 intellettuale ed industriale<\/p>\n<p>Tutti i contenuti del Sito sono protetti e tutelati dalle vigenti norme in materia di diritto d\u2019autore e di propriet\u00e0 industriale e\/o intellettuale. A titolo esemplificativo, ma non esaustivo, per contenuto del Sito debbono intendersi, tra l\u2019altro:<\/p>\n<p>Testi<br \/>\nFotografie<br \/>\nSlogan<br \/>\nVideo<br \/>\nGrafici<br \/>\nTabelle<br \/>\nFile audio<\/p>\n<p>Non \u00e8 pertanto consentita la copia e\/o riproduzione in tutto o in parte del contenuto del Sito senza l\u2019espressa autorizzazione scritta di BOB &amp; JENNY SRLS , che ha il diritto esclusivo di autorizzare o vietare la riproduzione diretta o indiretta, temporanea o permanente, in qualunque modo o forma, in tutto o in parte, del Sito e dei suoi contenuti.<\/p>\n<h3>Condizioni di vendita<\/h3>\n<p>Nel presente documento sono riportate le condizioni generali di vendita e di pagamento online tramite il sito web corrispondente al nome a dominio bobart.it in titolarit\u00e0 e gestione di:<\/p>\n<p>BOB &amp; JENNY SRLS con sede legale in Via San Pietro 40\/A, 07021 Arzachena SS &#8211; P. I.: 02985460902<\/p>\n<p>Per poter acquistare tramite il nostro sito sono previste le seguenti condizioni necessarie:<\/p>\n<p>Aver compiuto i 18 anni di et\u00e0<br \/>\nPossedere un indirizzo email personale e valido<br \/>\nPossedere i requisiti per accedere e stipulare legalmente contratti vincolanti<br \/>\nPossedere una carta di credito o prepagata per certificazione e pagamento: American Express, Visa, Master Card, Paypal, Postepay.<\/p>\n<p><strong>Dati per pagamenti tramite bonifico:<\/strong><\/p>\n<p>BOB &amp; JENNY SRLS<br \/>\nBanca Sella<br \/>\nIBAN: IT52J0326804800052555654580<\/p>\n<p>BOB &amp; JENNY SRLS ha realizzato e pubblicato il sito bobart.it con lo scopo di offrire un servizio riservato esclusivamente ai propri Clienti.<br \/>\nI prodotti in vendita sul sito bobart.it sono destinati al Consumatore Finale, intenso come una persona fisica che agisca per scopi estranei alla propria attivit\u00e0 imprenditoriale o professionale, giuridica che non sia limitata alla rivendita di beni acquistati su bobart.it.<\/p>\n<p>BOB &amp; JENNY SRLS invita quindi gli utenti che non siano riconducibili alla categoria di Consumatori Finali ad astenersi, sia dal cercare di stabilire rapporti commerciali, sia dall\u2019inoltrare ordini di acquisto di merce in vendita tramite terzi.<br \/>\nIn considerazione della politica commerciale sopra descritta, BOB &amp; JENNY SRLS si riserva il diritto di non processare ordini di beni il cui utilizzo non sia destinato al Consumatore Finale o ordini non conformi alle politiche commerciali sopra descritte.<\/p>\n<p>I prezzi pubblicati sul sito, i pagamenti, e le fatture degli ordini sono in Euro.<br \/>\nDettagli del prodotto<\/p>\n<p>Per ogni prodotto sul sito sono disponibili le immagini e la descrizione dei dettagli dello stesso quali: materiali utilizzati, composizione, taglie, dimensioni.<\/p>\n<p>Per avere maggiori informazioni contattare il servizio clienti di bobart.it.<br \/>\nArticoli e immagini online<\/p>\n<p>Decliniamo ogni responsabilit\u00e0 circa la possibilit\u00e0 che, a causa di una particolare configurazione o malfunzionamento del dispositivo utilizzato dal Cliente per navigare ed acquistare sul sito, i colori dei prodotti visualizzati sul sito presentino leggere differenze rispetto a quelli originali.<br \/>\nDisponibilit\u00e0 degli articoli<\/p>\n<p>L\u2019assortimento presente su bobart.it riflette l\u2019esatta disponibilit\u00e0 di ogni articolo per dimensione, taglia e per colore.<\/p>\n<p>Una volta ricevuta la richiesta d\u2019ordine, il reparto Ordini di bobart.it si riserva il diritto di riconfermare la disponibilit\u00e0 degli articoli acquistati, la validit\u00e0 della transazione tramite carta di credito e di verificare i dettagli delle precedenti transazioni effettuate dal Cliente su bobart.it. Nell\u2019eventualit\u00e0 in cui gli articoli ordinati non siano disponibili, o se per qualche motivo l\u2019ordine non possa essere evaso come da richiesta del Cliente, bobart.it ne dar\u00e0 tempestiva comunicazione al Cliente.<br \/>\nLegge Italiana<\/p>\n<p>Gli Utenti che accedono al presente sito dichiarano di accettare che tutte le questioni relative all\u2019utilizzo del sito web bobart.it siano regolate dalla legislazione vigente dello Stato italiano.<\/p>\n<p>BOB &amp; JENNY SRLS non garantisce in alcun modo che il contenuto del sito sia conforme alle normative vigenti in altri paesi.<\/p>\n<p>L\u2019accesso al sito bobart.it da luoghi in cui i relativi contenuti sono considerati illegali \u00e8 espressamente proibito. Gli Utenti che decidano di accedere al sito da tali paesi sono pienamente consapevoli delle conseguenze legali e delle sanzioni in cui rischiano di incorrere e saranno i soli responsabili del rispetto delle leggi locali.<\/p>\n<h3>Spedizioni<\/h3>\n<p>Modalit\u00e0 di spedizione<\/p>\n<p>Il costo di spedizione sar\u00e0 indicato in base al prodotto scelto durante le operazioni di checkout.<\/p>\n<p>Le spedizioni possono riguardare solo i territori e le Nazioni previste all\u2019interno del Sito.<\/p>\n<p>Come richiesto dalle leggi che regolano il commercio, tutte le spedizioni bobart.it sono accompagnate da fattura ufficiale che dichiara il valore dei singoli articoli in Euro. Per gli articoli in saldo la fattura riporta gli importi scontati.<br \/>\nTempi di Consegna<\/p>\n<p>Una volta andato a buon fine il pagamento gli ordini saranno evasi nel pi\u00f9 breve tempo possibile. Gli ordini sono processati dal Luned\u00ec al Venerd\u00ec, con il seguente orario: 9.00-17.30. Gli ordini effettuati durante il fine settimana saranno processati a partire dal Luned\u00ec mattina successivo. Infine gli ordini effettuati in un giorno festivo saranno processati il giorno feriale successivo.<\/p>\n<p>I tempi di consegna possono variare in funzione dell\u2019orario di ricevimento dell\u2019ordine.<br \/>\nRintracciabilit\u00e0 della Spedizione<\/p>\n<p>Al momento della spedizione, il consumatore ricever\u00e0 una email informativa in cui sar\u00e0 specificato il numero identificativo della spedizione che potr\u00e0 essere monitorata sul sito del corriere incaricato della stessa.<br \/>\nConsegna dell\u2019Ordine<\/p>\n<p>Al momento della consegna della merce, i Clienti sono pregati di ispezionare attentamente il pacco prima di apporre una firma a prova di avvenuta consegna della spedizione. Le confezioni bobart.it sono accuratamente imballate con nastro adesivo, posto intorno alla confezione.<\/p>\n<p>Se per qualsiasi motivo la confezione appare manomessa o se il nastro adesivo non risulta intatto, i Clienti sono pregati di firmare l\u2019avvenuta ricezione con riserva, oppure di rifiutare la consegna. Nel caso in cui la consegna sia stata accettata con una firma non autorizzata o ci siano prove di manomissione del pacco, i Clienti sono pregati di riportare immediatamente l\u2019accaduto al corriere e di contattare bobart.it all\u2019indirizzo info@bobmarongiu.it<\/p>\n<p>Tutti i Clienti che effettuano un ordine stabiliscono un rapporto commerciale con bobart.it e si impegnano pertanto ad accettare la consegna del proprio pacco. Se il pacco non viene consegnato per cause dipendenti da cliente (indirizzo errato, destinatario sempre assente, numero di telefono non corretto, etc.), o se il cliente rifiuta la consegna, le spese di spedizione saranno dedotte dal rimborso dovuto al cliente.<\/p>\n<h3>Resi<\/h3>\n<p>Se per qualunque motivo il Cliente non fosse soddisfatto del proprio acquisto pu\u00f2 inoltrare la richiesta di reso.<\/p>\n<p>La richiesta di reso deve essere comunicata scrivendo a info@bobmarongiu.it entro 14 giorni dalla data di ricezione della merce, la spedizione deve avvenire entro i 14 giorni successivi a tale richiesta.<br \/>\nIstruzioni per il Reso<\/p>\n<p>Per richiedere l\u2019autorizzazione al reso, \u00e8 necessario scrivere a: info@bobmarongiu.it indicando gli articoli da restituire, il motivo del reso ed il tipo di compensazione desiderata.<br \/>\nUna volta completata la procedura bobart.it invier\u00e0 una conferma via email, contenente le istruzioni da rispettare per rispedire la merce.<br \/>\nIl corriere per la restituzione della merce sar\u00e0 indicato nella mail inviata da bobart.it<br \/>\nLa spedizione di rientro effettuata con il corriere indicato da bobart.it sar\u00e0 gratuita.<br \/>\nQualora il reso venga rispedito utilizzando un corriere diverso, tutti i costi saranno a carico del cliente.<\/p>\n<p>Tipologie di compensazione<\/p>\n<p>Cambio prodotto<\/p>\n<p>Cambio taglia<br \/>\n\u00c8 possibile effettuare il cambio solo per una diversa taglia o un diverso colore dello stesso articolo, qualora disponibile. Il nuovo capo richiesto pu\u00f2 essere restituito seguendo la stessa procedura.<\/p>\n<p>Rimborso<br \/>\nIl rimborso sar\u00e0 effettuato non appena il reso arriver\u00e0 presso i magazzini BOB &amp; JENNY SRLS e i prodotti saranno verificati.<\/p>\n<p>Per gli ordini pagati con carta di credito l\u2019importo rimborsato sar\u00e0 disponibile per i clienti in circa 10 giorni, e sar\u00e0 comunque visibile sul successivo estratto conto della carta.<br \/>\nLa tempistica pu\u00f2 variare leggermente in base alla circuito bancario della carta di credito utilizzata.<\/p>\n<p>Per gli ordini pagati con Paypal o con bonifico bancario l\u2019importo sar\u00e0 restituito sul conto originale.<br \/>\nIl rimborso sar\u00e0 emesso nella stessa valuta dell\u2019acquisto originale. Eventuali differenze di importo dovute alla fluttuazione del cambio non potranno essere rimborsate.<\/p>\n<p>La spedizione del reso deve avvenire entro 28 giorni dalla ricezione dell\u2019ordine.<br \/>\nTermini e condizioni<\/p>\n<p>Il filo di sicurezza presente sugli articoli che si restituiscono non deve essere n\u00e8 tagliato n\u00e8 rotto. I capi non devono essere stati indossati, lavati o alterati e non devono presentare nessun segno d\u2019uso.<br \/>\nOgni capo deve essere restituito comprensivo di tutti le etichette, confezioni ed accessori originali presenti nella confezione e ricevuti insieme all\u2019ordine.<\/p>\n<p>Tutti i prodotti devono essere restituiti insieme alla loro scatola originale (se presente), che \u00e8 considerata a tutti gli effetti parte integrante del prodotto stesso e che non deve essere stata in nessun modo danneggiata e\/o alterata, n\u00e9 utilizzata come unico imballaggio esterno.<\/p>\n<p>I resi devono essere spediti all\u2019interno della scatola bobart.it<\/p>\n<p>Nell\u2019eventualit\u00e0 che il Cliente riceva merce difettosa, o che si verifichino errori nelle spedizioni da parte di bobart.it, \u00e8 richiesto di seguire le stesse istruzioni sopra riportate.<br \/>\nNel caso di merce difettosa bobart.it si riserva il diritto di richiedere prove fotografiche prima di autorizzare il reso e farsi carico delle spese di spedizione per il rientro della merce presso i propri locali.<br \/>\nI resi autorizzati da bobart.it devono essere spediti dalla stessa nazione in cui l\u2019ordine originario \u00e8 stato consegnato.<br \/>\nbobart.it si riserva il diritto di non accettare resi spediti con corrieri diversi da quello indicato nella e-mail con le istruzioni al reso qualora la consegna comporti costi aggiuntivi o richieda il ritiro presso una filiale del corriere stesso.<br \/>\nbobart.it si riserva inoltre il diritto di rifiutare resi non autorizzati o comunque non conformi a tutte le condizioni previste.<br \/>\nIn questi casi la merce verr\u00e0 restituita al mittente all\u2019indirizzo di spedizione originale.<br \/>\nL\u2019eventuale accettazione di tali resi comporta comunque un addebito pari al 10% del valore della merce restituita.<\/p>\n<p>Per tutti gli aspetti non specificamente espressi, fa fede la normativa Europea per il commercio a distanza.[\/vc_column_text][\/vc_column][\/vc_row][vc_row][vc_column][vc_empty_space][\/vc_column][\/vc_row]<\/p>\n<\/section>","protected":false},"excerpt":{"rendered":"<p>[vc_row][vc_column][vc_empty_space height=&#8221;47&#8243;][vc_column_text] Termini e condizioni Nel presente documento sono riportate le Condizioni Generali d\u2019uso del sito corrispondente al nome a dominio bobart.it (di seguito, rispettivamente, le \u201cCondizioni\u201d ed il \u201cSito\u201d) cui debbono attenersi tutti i soggetti che intendono navigare sulle pagine web dello stesso, in titolarit\u00e0 a: BOB &amp; JENNY SRLS con sede legale in &hellip;<\/p>\n","protected":false},"author":2,"featured_media":0,"parent":0,"menu_order":0,"comment_status":"closed","ping_status":"closed","template":"","meta":{"footnotes":""},"class_list":["post-3052","page","type-page","status-publish","hentry"],"_links":{"self":[{"href":"https:\/\/www.bobmarongiu.it\/en\/wp-json\/wp\/v2\/pages\/3052","targetHints":{"allow":["GET"]}}],"collection":[{"href":"https:\/\/www.bobmarongiu.it\/en\/wp-json\/wp\/v2\/pages"}],"about":[{"href":"https:\/\/www.bobmarongiu.it\/en\/wp-json\/wp\/v2\/types\/page"}],"author":[{"embeddable":true,"href":"https:\/\/www.bobmarongiu.it\/en\/wp-json\/wp\/v2\/users\/2"}],"replies":[{"embeddable":true,"href":"https:\/\/www.bobmarongiu.it\/en\/wp-json\/wp\/v2\/comments?post=3052"}],"version-history":[{"count":3,"href":"https:\/\/www.bobmarongiu.it\/en\/wp-json\/wp\/v2\/pages\/3052\/revisions"}],"predecessor-version":[{"id":4372,"href":"https:\/\/www.bobmarongiu.it\/en\/wp-json\/wp\/v2\/pages\/3052\/revisions\/4372"}],"wp:attachment":[{"href":"https:\/\/www.bobmarongiu.it\/en\/wp-json\/wp\/v2\/media?parent=3052"}],"curies":[{"name":"wp","href":"https:\/\/api.w.org\/{rel}","templated":true}]}}